{"id":662,"date":"2019-10-16T11:03:27","date_gmt":"2019-10-16T11:03:27","guid":{"rendered":"https:\/\/exportago.com\/?page_id=662"},"modified":"2019-10-16T11:03:27","modified_gmt":"2019-10-16T11:03:27","slug":"politique-de-confidentialite","status":"publish","type":"page","link":"https:\/\/exportago.com\/fr\/politique-de-confidentialite\/","title":{"rendered":"Politique de confidentialit\u00e9"},"content":{"rendered":"<section class=\"wpb-content-wrapper\"><p>[vc_row css_animation=\u00a0\u00bb\u00a0\u00bb row_type=\u00a0\u00bbrow\u00a0\u00bb use_row_as_full_screen_section=\u00a0\u00bbno\u00a0\u00bb type=\u00a0\u00bbgrid\u00a0\u00bb angled_section=\u00a0\u00bbno\u00a0\u00bb text_align=\u00a0\u00bbleft\u00a0\u00bb background_image_as_pattern=\u00a0\u00bbwithout_pattern\u00a0\u00bb z_index=\u00a0\u00bb\u00a0\u00bb][vc_column][vc_column_text]<strong>1. INFORMATION \u00c0 L&rsquo;UTILISATEUR<\/strong><\/p>\n<p>Exportago, ci-apr\u00e8s \u00abRESPONSABLE\u00bb, est responsable du traitement des donn\u00e9es \u00e0 caract\u00e8re personnel de l&rsquo;utilisateur et vous informe que ces donn\u00e9es seront trait\u00e9es conform\u00e9ment aux dispositions du r\u00e8glement (UE) 2016\/679 du 27 avril 2016 (RGPD) concernant: La protection des personnes physiques \u00e0 l\u2019\u00e9gard du traitement des donn\u00e9es \u00e0 caract\u00e8re personnel et de la libre circulation de ces donn\u00e9es, de sorte que les informations suivantes soient fournies:<br \/>\nFin du traitement: entretenir une relation commerciale avec l&rsquo;utilisateur. Les op\u00e9rations pr\u00e9vues pour effectuer le traitement sont:<\/p>\n<p>R\u00e9f\u00e9rence des communications publicitaires commerciales par e-mail, fax, SMS, MMS, communaut\u00e9s sociales ou tout autre moyen \u00e9lectronique ou physique, pr\u00e9sent ou futur, permettant des communications commerciales. Ces communications seront faites par le RESPONSABLE et li\u00e9s au sujet de leurs produits et services, ou de leurs collaborateurs ou fournisseurs avec lesquels il a conclu un accord de promotion. Dans ce cas, les tiers n&rsquo;auront jamais acc\u00e8s aux donn\u00e9es personnelles.<br \/>\nEffectuer des \u00e9tudes statistiques.<br \/>\nTraiter les commandes, les requ\u00eates ou tout type de requ\u00eate \u00e9manant de l&rsquo;utilisateur via l&rsquo;un des formulaires de contact mis \u00e0 disposition.<br \/>\nEnvoyer la newsletter du site.<br \/>\nBase juridique du traitement: consentement de la partie int\u00e9ress\u00e9e.<br \/>\nCrit\u00e8res de conservation des donn\u00e9es: elles seront conserv\u00e9es tant que le maintien de la fin du traitement aura un int\u00e9r\u00eat commun et si cela ne sera plus n\u00e9cessaire, elles seront supprim\u00e9es par des mesures de s\u00e9curit\u00e9 ad\u00e9quates pour garantir la pseudonymisation des donn\u00e9es ou la destruction totale des donn\u00e9es. idem<br \/>\nCommunication de donn\u00e9es: Les donn\u00e9es ne seront pas communiqu\u00e9es \u00e0 des tiers, sauf obligation l\u00e9gale.<\/p>\n<p>Droits qui aident l&rsquo;utilisateur:<\/p>\n<p>Droit de retirer son consentement \u00e0 tout moment.<br \/>\nDroit d&rsquo;acc\u00e8s, de rectification, de portabilit\u00e9 et de suppression de vos donn\u00e9es et \u00e0 la limitation ou l&rsquo;opposition de leur traitement.<br \/>\nDroit de faire une r\u00e9clamation aupr\u00e8s de l&rsquo;autorit\u00e9 de contr\u00f4le (www.aepd.es) si vous estimez que le traitement n&rsquo;est pas conforme \u00e0 la r\u00e9glementation en vigueur.<br \/>\nCoordonn\u00e9es pour exercer vos droits:<br \/>\nAdresse postale: SANT JOSEP 76 ESC A Sant Carles de la R\u00e0pita.<br \/>\nEmail: info@exportago.com<\/p>\n<p>&nbsp;<\/p>\n<p><strong>2. CARACT\u00c8RE OBLIGATOIRE OU OPTIONNEL DES INFORMATIONS FOURNIES PAR L&rsquo;UTILISATEUR<\/strong><\/p>\n<p>Les utilisateurs, en cochant les cases correspondantes et en entrant des donn\u00e9es dans les champs, marqu\u00e9s d&rsquo;un ast\u00e9risque (*) dans le formulaire de contact ou pr\u00e9sent\u00e9s sous une forme \u00e0 t\u00e9l\u00e9charger, acceptent express\u00e9ment, librement et sans \u00e9quivoque que leurs donn\u00e9es soient: n\u00e9cessaire pour r\u00e9pondre \u00e0 votre demande, par le prestataire, \u00e9tant volontaire l\u2019inclusion de donn\u00e9es dans les champs restants. L&rsquo;Utilisateur garantit que les donn\u00e9es personnelles fournies au RESPONSABLE sont v\u00e9ridiques et est responsable de la communication de toute modification de celles-ci.<br \/>\nLe RESPONSABLE informe et garantit express\u00e9ment aux utilisateurs que leurs donn\u00e9es personnelles ne seront en aucun cas transmises \u00e0 des tiers et que, chaque fois que ce type de transfert de donn\u00e9es est effectu\u00e9, le consentement expr\u00e8s, \u00e9clair\u00e9 et sans \u00e9quivoque des utilisateurs sera pr\u00e9alablement demand\u00e9. Toutes les donn\u00e9es demand\u00e9es sur le site Web sont obligatoires, car elles sont n\u00e9cessaires \u00e0 la fourniture d&rsquo;un service optimal \u00e0 l&rsquo;utilisateur. Si toutes les donn\u00e9es ne sont pas fournies, il n\u2019est pas garanti que les informations et les services fournis seront compl\u00e8tement adapt\u00e9s \u00e0 vos besoins.<\/p>\n<p>&nbsp;<\/p>\n<p><strong>3. MESURES DE S\u00c9CURIT\u00c9<\/strong><\/p>\n<p>Conform\u00e9ment aux dispositions de la r\u00e9glementation en vigueur sur la protection des donn\u00e9es \u00e0 caract\u00e8re personnel, le RESPONSABLE se conforme \u00e0 toutes les dispositions de la r\u00e9glementation GDPR pour le traitement des donn\u00e9es \u00e0 caract\u00e8re personnel de sa responsabilit\u00e9, et manifestement aux principes d\u00e9crits \u00e0 l&rsquo;article 5 de la LDC. Les RPGD, pour lesquels ils sont trait\u00e9s de mani\u00e8re licite, loyale et transparente par rapport \u00e0 la partie int\u00e9ress\u00e9e et appropri\u00e9s, pertinents et limit\u00e9s \u00e0 ce qui est n\u00e9cessaire au regard des finalit\u00e9s pour lesquelles ils sont trait\u00e9s.<br \/>\nLe RESPONSABLE garantit qu&rsquo;il a mis en \u0153uvre les politiques techniques et organisationnelles appropri\u00e9es pour appliquer les mesures de s\u00e9curit\u00e9 \u00e9tablies par le GDPR afin de prot\u00e9ger les droits et libert\u00e9s des Utilisateurs et qu&rsquo;il a communiqu\u00e9 les informations appropri\u00e9es afin qu&rsquo;elles puissent les exercer.[\/vc_column_text][vc_empty_space][\/vc_column][\/vc_row]<\/p>\n<\/section>","protected":false},"excerpt":{"rendered":"<p>[vc_row css_animation=\u00a0\u00bb\u00a0\u00bb row_type=\u00a0\u00bbrow\u00a0\u00bb use_row_as_full_screen_section=\u00a0\u00bbno\u00a0\u00bb type=\u00a0\u00bbgrid\u00a0\u00bb angled_section=\u00a0\u00bbno\u00a0\u00bb text_align=\u00a0\u00bbleft\u00a0\u00bb background_image_as_pattern=\u00a0\u00bbwithout_pattern\u00a0\u00bb z_index=\u00a0\u00bb\u00a0\u00bb][vc_column][vc_column_text]1. INFORMATION \u00c0 L&rsquo;UTILISATEUR Exportago, ci-apr\u00e8s \u00abRESPONSABLE\u00bb, est responsable du traitement des donn\u00e9es \u00e0 caract\u00e8re personnel de l&rsquo;utilisateur et vous informe que ces donn\u00e9es seront trait\u00e9es conform\u00e9ment aux dispositions du r\u00e8glement (UE) 2016\/679 du 27 avril 2016&#8230;<\/p>\n","protected":false},"author":1,"featured_media":0,"parent":0,"menu_order":0,"comment_status":"closed","ping_status":"closed","template":"","meta":[],"_links":{"self":[{"href":"https:\/\/exportago.com\/fr\/wp-json\/wp\/v2\/pages\/662"}],"collection":[{"href":"https:\/\/exportago.com\/fr\/wp-json\/wp\/v2\/pages"}],"about":[{"href":"https:\/\/exportago.com\/fr\/wp-json\/wp\/v2\/types\/page"}],"author":[{"embeddable":true,"href":"https:\/\/exportago.com\/fr\/wp-json\/wp\/v2\/users\/1"}],"replies":[{"embeddable":true,"href":"https:\/\/exportago.com\/fr\/wp-json\/wp\/v2\/comments?post=662"}],"version-history":[{"count":1,"href":"https:\/\/exportago.com\/fr\/wp-json\/wp\/v2\/pages\/662\/revisions"}],"predecessor-version":[{"id":663,"href":"https:\/\/exportago.com\/fr\/wp-json\/wp\/v2\/pages\/662\/revisions\/663"}],"wp:attachment":[{"href":"https:\/\/exportago.com\/fr\/wp-json\/wp\/v2\/media?parent=662"}],"curies":[{"name":"wp","href":"https:\/\/api.w.org\/{rel}","templated":true}]}}