{"id":660,"date":"2019-10-16T11:01:16","date_gmt":"2019-10-16T11:01:16","guid":{"rendered":"https:\/\/exportago.com\/?page_id=660"},"modified":"2022-03-22T16:52:07","modified_gmt":"2022-03-22T16:52:07","slug":"avis-juridique","status":"publish","type":"page","link":"https:\/\/exportago.com\/fr\/avis-juridique\/","title":{"rendered":"Avis juridique"},"content":{"rendered":"<section class=\"wpb-content-wrapper\"><p>[vc_row css_animation=\u00a0\u00bb\u00a0\u00bb row_type=\u00a0\u00bbrow\u00a0\u00bb use_row_as_full_screen_section=\u00a0\u00bbno\u00a0\u00bb type=\u00a0\u00bbfull_width\u00a0\u00bb angled_section=\u00a0\u00bbno\u00a0\u00bb text_align=\u00a0\u00bbleft\u00a0\u00bb background_image_as_pattern=\u00a0\u00bbwithout_pattern\u00a0\u00bb][vc_column][vc_column_text]<strong>LOI SUR LES SERVICES DE LA SOCI\u00c9T\u00c9 DE L&rsquo;INFORMATION (LSSI)<\/strong><\/p>\n<p>F&amp;C, responsable du site exportago.com, ci-apr\u00e8s RESPONSIBLE, met ce document \u00e0 la disposition des utilisateurs, avec lequel il entend se conformer aux obligations \u00e9nonc\u00e9es dans la loi n \u00b0 34\/2002 du 11 juillet Services de la soci\u00e9t\u00e9 de l&rsquo;information et du commerce \u00e9lectronique (LSSICE), BOE n \u00b0 166, ainsi que l&rsquo;information de tous les utilisateurs du site web sur les conditions d&rsquo;utilisation.<br \/>\nToute personne acc\u00e9dant \u00e0 ce site Web assume le r\u00f4le d\u2019utilisateur, s\u2019engageant \u00e0 respecter et \u00e0 respecter scrupuleusement les dispositions \u00e9nonc\u00e9es dans les pr\u00e9sentes, ainsi que toute autre disposition l\u00e9gale applicable.<br \/>\nExportago.com se r\u00e9serve le droit de modifier tout type d&rsquo;informations pouvant appara\u00eetre sur le site, sans aucune obligation de notifier ou d&rsquo;informer les utilisateurs de ces obligations, \u00e9tant entendu qu&rsquo;il suffit de publier sur le site exportago.com.<\/p>\n<p><strong>1. DONN\u00c9ES D&rsquo;IDENTIFICATION<\/strong><\/p>\n<p>Nom de domaine: https:\/\/www.exportago.com\/<br \/>\nNom commercial: Exportago<br \/>\nRaison sociale: F&amp;C<br \/>\nSi\u00e8ge social: Sant Josep, 76. 43870 Sant Carles de la R\u00e0pita.<\/p>\n<p>e-mail: info@exportago.com<\/p>\n<p>&nbsp;<\/p>\n<p>&nbsp;<\/p>\n<p><strong>2. DROITS DE PROPRI\u00c9T\u00c9 INTELLECTUELLE ET INDUSTRIELLE<\/strong><\/p>\n<p>Le site Web, y compris, sans toutefois s&rsquo;y limiter, sa programmation, son \u00e9dition, sa compilation et d&rsquo;autres \u00e9l\u00e9ments n\u00e9cessaires \u00e0 son fonctionnement, les conceptions, logos, textes et \/ ou graphiques, sont la propri\u00e9t\u00e9 du R\u00c9PONSABLE ou, le cas \u00e9ch\u00e9ant, d\u00e9tiennent une licence. ou l&rsquo;autorisation expresse des auteurs. Tous les contenus du site sont d\u00fbment prot\u00e9g\u00e9s par les r\u00e8glements de la propri\u00e9t\u00e9 intellectuelle et industrielle, ainsi que enregistr\u00e9s dans les archives publiques correspondantes. Quelle que soit la finalit\u00e9 pour laquelle ils \u00e9taient destin\u00e9s, la reproduction totale ou partielle, l&rsquo;utilisation, l&rsquo;exploitation, la distribution et la commercialisation n\u00e9cessitent, dans tous les cas, une autorisation \u00e9crite pr\u00e9alable du RESPONSABLE. Toute utilisation non autoris\u00e9e au pr\u00e9alable est consid\u00e9r\u00e9e comme une violation grave des droits de propri\u00e9t\u00e9 intellectuelle ou industrielle de l&rsquo;auteur.<br \/>\nLes dessins, logos, textes et \/ ou graphiques ext\u00e9rieurs \u00e0 RESPONSIBLE et susceptibles d&rsquo;appara\u00eetre sur le site, appartiennent \u00e0 leurs propri\u00e9taires respectifs et sont eux-m\u00eames responsables de la controverse qui pourrait en d\u00e9couler. Le RESPONSABLE autorise express\u00e9ment les tiers \u00e0 rediriger directement vers le contenu sp\u00e9cifique du site, et dans tous les cas, au site Web principal de https:\/\/www.exportago.com\/.<br \/>\nLe RESPONSABLE reconna\u00eet en faveur de leurs propri\u00e9taires les droits de propri\u00e9t\u00e9 intellectuelle et industrielle correspondants, sans impliquer leur simple mention ou leur apparition sur le site, de l\u2019existence de tout droit ou de toute responsabilit\u00e9 sur eux, ni leur endossement, parrainage ou recommandation. .<br \/>\nPour toute observation concernant d&rsquo;\u00e9ventuelles violations des droits de propri\u00e9t\u00e9 intellectuelle ou industrielle, ainsi que du contenu du site Web, vous pouvez le faire par courrier \u00e9lectronique \u00e0 l&rsquo;adresse info@exportago.com.<\/p>\n<p>&nbsp;<\/p>\n<p><strong>3. LIMITATION DE RESPONSABILIT\u00c9<\/strong><\/p>\n<p>Le RESPONSABLE d\u00e9cline toute responsabilit\u00e9 d\u00e9coulant des informations publi\u00e9es sur son site Web \u00e0 condition que ces informations aient \u00e9t\u00e9 manipul\u00e9es ou entr\u00e9es par un tiers en dehors de celui-ci.<\/p>\n<p><strong>Utilisation de cookies<\/strong><br \/>\nCe site Web peut utiliser des cookies techniques (petits fichiers d\u2019informations que le serveur envoie \u00e0 l\u2019ordinateur de la personne acc\u00e9dant \u00e0 la page) pour s\u2019acquitter de certaines fonctions jug\u00e9es essentielles pour le bon fonctionnement et la visualisation du site. Les cookies utilis\u00e9s sont, dans tous les cas, temporaires, dans le seul but de rendre la navigation plus efficace, et disparaissent \u00e0 la fin de la session de l&rsquo;utilisateur. En aucun cas, ces cookies fournissent des donn\u00e9es personnelles par eux-m\u00eames et ne seront pas utilis\u00e9s pour les collecter.<br \/>\nEn utilisant des cookies, il est \u00e9galement possible que le serveur sur lequel se trouve le site Web reconna\u00eet le navigateur utilis\u00e9 par l&rsquo;utilisateur afin de faciliter la navigation, en permettant, par exemple, l&rsquo;acc\u00e8s des utilisateurs d\u00e9j\u00e0 enregistr\u00e9s \u00e0 les zones, services, promotions ou concours r\u00e9serv\u00e9s exclusivement pour eux sans avoir \u00e0 s&rsquo;inscrire \u00e0 chaque visite. Ils peuvent \u00e9galement \u00eatre utilis\u00e9s pour mesurer l&rsquo;audience, les param\u00e8tres de trafic, surveiller l&rsquo;avancement et le nombre d&rsquo;entr\u00e9es, etc., ces cookies \u00e9tant techniquement indispensables mais b\u00e9n\u00e9fiques pour l&rsquo;utilisateur. Ce site Web n&rsquo;installe pas de cookies consommables sans le consentement pr\u00e9alable de l&rsquo;utilisateur.<br \/>\nL&rsquo;utilisateur a la possibilit\u00e9 de configurer son navigateur pour \u00eatre averti de la r\u00e9ception de cookies et pour emp\u00eacher leur installation sur son ordinateur. Veuillez vous reporter aux instructions de votre navigateur pour plus d&rsquo;informations.<br \/>\n<strong>Politique de lien<\/strong><br \/>\n\u00c0 partir du site Web, vous pouvez \u00eatre redirig\u00e9 vers le contenu de sites Web tiers. \u00c9tant donn\u00e9 que le RESPONSABLE ne peut pas toujours contr\u00f4ler le contenu introduit par des tiers sur leurs sites Web respectifs, ils n&rsquo;assument aucune responsabilit\u00e9 pour ledit contenu. En tout \u00e9tat de cause, il proc\u00e9dera au retrait imm\u00e9diat de tout contenu susceptible de contrevenir \u00e0 la l\u00e9gislation nationale ou internationale, \u00e0 la moralit\u00e9 ou \u00e0 l&rsquo;ordre public, en proc\u00e9dant au retrait imm\u00e9diat de la redirection vers ledit site, en informant les autorit\u00e9s comp\u00e9tentes du contenu. en question.<br \/>\nLe RESPONSABLE n&rsquo;est pas responsable des informations et des contenus stock\u00e9s, \u00e0 titre d&rsquo;exemple mais sans limitation, dans les forums, les chats, les g\u00e9n\u00e9rateurs de blogs, les commentaires, les r\u00e9seaux sociaux ou tout autre moyen permettant \u00e0 des tiers de publier des contenus de mani\u00e8re ind\u00e9pendante sur le site. du RESPONSABLE. Toutefois, et conform\u00e9ment aux dispositions des articles 11 et 16 de la LSSICE, il est mis \u00e0 la disposition de tous les utilisateurs, autorit\u00e9s et forces de s\u00e9curit\u00e9, qui collaborent activement au retrait ou, le cas \u00e9ch\u00e9ant, au blocage de toutes les informations. les contenus qui peuvent affecter ou contrevenir \u00e0 la l\u00e9gislation nationale ou internationale, aux droits des tiers ou \u00e0 la morale et \u00e0 l&rsquo;ordre public. Si l&rsquo;utilisateur estime que le contenu du site Web contient du contenu susceptible d&rsquo;\u00eatre soumis \u00e0 cette classification, veuillez en informer imm\u00e9diatement l&rsquo;administrateur du site Web.<br \/>\nCe site Web a \u00e9t\u00e9 examin\u00e9 et test\u00e9 pour fonctionner correctement. En principe, le bon fonctionnement peut \u00eatre garanti 365 jours par an et 24 heures par jour. Cependant, le RESPONSABLE n\u2019exclut pas la possibilit\u00e9 de certaines erreurs de programmation, de force majeure, de catastrophes naturelles, de gr\u00e8ves ou de circonstances similaires rendant l\u2019acc\u00e8s impossible au site Web.<br \/>\n<strong>Adresses IP<\/strong><br \/>\nLes serveurs de sites Web peuvent d\u00e9tecter automatiquement l&rsquo;adresse IP et le nom de domaine utilis\u00e9s par l&rsquo;utilisateur. Une adresse IP est un num\u00e9ro attribu\u00e9 automatiquement \u00e0 un ordinateur lorsqu&rsquo;il se connecte \u00e0 Internet. Toutes ces informations sont enregistr\u00e9es dans un fichier d\u2019activit\u00e9 du serveur d\u00fbment enregistr\u00e9 qui permet le traitement ult\u00e9rieur des donn\u00e9es afin d\u2019obtenir uniquement des mesures statistiques permettant de conna\u00eetre le nombre de pages imprim\u00e9es, le nombre de visites effectu\u00e9es sur les serveurs Web, l&rsquo;ordre des visites, le point d&rsquo;acc\u00e8s, etc.<\/p>\n<p>&nbsp;<\/p>\n<p>4. DROIT APPLICABLE ET JURIDICTION<\/p>\n<p>Pour la r\u00e9solution de tous les litiges ou probl\u00e8mes li\u00e9s \u00e0 ce site Web ou aux activit\u00e9s qui y sont d\u00e9velopp\u00e9es, la l\u00e9gislation espagnole en vigueur, \u00e0 laquelle les parties se soumettent express\u00e9ment, est comp\u00e9tente pour le r\u00e8glement de tous les conflits ou conflits d\u00e9riv\u00e9s. li\u00e9e \u00e0 son utilisation les tribunaux et les tribunaux les plus proches de Sant Carles de la R\u00e0pita.[\/vc_column_text][vc_empty_space][\/vc_column][\/vc_row]<\/p>\n<\/section>","protected":false},"excerpt":{"rendered":"<p>[vc_row css_animation=\u00a0\u00bb\u00a0\u00bb row_type=\u00a0\u00bbrow\u00a0\u00bb use_row_as_full_screen_section=\u00a0\u00bbno\u00a0\u00bb type=\u00a0\u00bbfull_width\u00a0\u00bb angled_section=\u00a0\u00bbno\u00a0\u00bb text_align=\u00a0\u00bbleft\u00a0\u00bb background_image_as_pattern=\u00a0\u00bbwithout_pattern\u00a0\u00bb][vc_column][vc_column_text]LOI SUR LES SERVICES DE LA SOCI\u00c9T\u00c9 DE L&rsquo;INFORMATION (LSSI) F&amp;C, responsable du site exportago.com, ci-apr\u00e8s RESPONSIBLE, met ce document \u00e0 la disposition des utilisateurs, avec lequel il entend se conformer aux obligations \u00e9nonc\u00e9es dans la loi n&#8230;<\/p>\n","protected":false},"author":1,"featured_media":0,"parent":0,"menu_order":0,"comment_status":"closed","ping_status":"closed","template":"","meta":[],"_links":{"self":[{"href":"https:\/\/exportago.com\/fr\/wp-json\/wp\/v2\/pages\/660"}],"collection":[{"href":"https:\/\/exportago.com\/fr\/wp-json\/wp\/v2\/pages"}],"about":[{"href":"https:\/\/exportago.com\/fr\/wp-json\/wp\/v2\/types\/page"}],"author":[{"embeddable":true,"href":"https:\/\/exportago.com\/fr\/wp-json\/wp\/v2\/users\/1"}],"replies":[{"embeddable":true,"href":"https:\/\/exportago.com\/fr\/wp-json\/wp\/v2\/comments?post=660"}],"version-history":[{"count":6,"href":"https:\/\/exportago.com\/fr\/wp-json\/wp\/v2\/pages\/660\/revisions"}],"predecessor-version":[{"id":864,"href":"https:\/\/exportago.com\/fr\/wp-json\/wp\/v2\/pages\/660\/revisions\/864"}],"wp:attachment":[{"href":"https:\/\/exportago.com\/fr\/wp-json\/wp\/v2\/media?parent=660"}],"curies":[{"name":"wp","href":"https:\/\/api.w.org\/{rel}","templated":true}]}}