{"id":641,"date":"2019-10-14T09:54:45","date_gmt":"2019-10-14T09:54:45","guid":{"rendered":"https:\/\/exportago.com\/?page_id=641"},"modified":"2019-11-14T08:48:03","modified_gmt":"2019-11-14T08:48:03","slug":"dernieres-nouvelles","status":"publish","type":"page","link":"https:\/\/exportago.com\/fr\/dernieres-nouvelles\/","title":{"rendered":"Derni\u00e8res nouvelles"},"content":{"rendered":"<section class=\"wpb-content-wrapper\"><p>[vc_row css_animation=\u00a0\u00bb\u00a0\u00bb row_type=\u00a0\u00bbrow\u00a0\u00bb use_row_as_full_screen_section=\u00a0\u00bbno\u00a0\u00bb type=\u00a0\u00bbgrid\u00a0\u00bb angled_section=\u00a0\u00bbno\u00a0\u00bb text_align=\u00a0\u00bbcenter\u00a0\u00bb background_image_as_pattern=\u00a0\u00bbwithout_pattern\u00a0\u00bb padding_top=\u00a0\u00bb126&Prime; padding_bottom=\u00a0\u00bb98&Prime; z_index=\u00a0\u00bb\u00a0\u00bb][vc_column]\n<div class='latest_post_holder dividers two_columns three_rows' >\n    <ul>\n    \n        <li class=\"clearfix\">\n            <div class=\"boxes_image\">\n                                <a itemprop=\"url\" href=\"https:\/\/exportago.com\/fr\/covid-a-affecte-de-nombreuses-activites-commerciales\/\"><img width=\"539\" height=\"303\" src=\"https:\/\/exportago.com\/wp-content\/uploads\/2021\/09\/WhatsApp-Image-2021-09-23-at-16.09.16-modificada-539x303.jpeg\" class=\"attachment-latest_post_boxes size-latest_post_boxes wp-post-image\" alt=\"\" decoding=\"async\" loading=\"lazy\" \/><\/a>\n            <\/div>\n            <div class=\"latest_post\"  >\n                <div class=\"latest_post_text\">\n                    <div class=\"latest_post_inner\">\n                        <div itemprop=\"dateCreated\" class=\"latest_post_date entry_date updated\">\n                            <div class=\"latest_post_day\">23<\/div>\n                            <div class=\"latest_post_month\">Sep<\/div>\n                            <meta itemprop=\"interactionCount\" content=\"UserComments: 0\" \/>\n                        <\/div>\n\n                        <div class=\"latest_post_text_inner\">\n                            <h5 itemprop=\"name\" class=\"latest_post_title entry_title\"><a itemprop=\"url\" href=\"https:\/\/exportago.com\/fr\/covid-a-affecte-de-nombreuses-activites-commerciales\/\">COVID A AFFECT\u00c9 DE NOMBREUSES ACTIVIT\u00c9S COMMERCIALES<\/a><\/h5>\n                            <p class=\"excerpt\">Le 25 mars 2019, sans conna\u00eetre encore les cons\u00e9quences du Covid, nous avons adapt\u00e9 notre activit\u00e9 de conseil en commerce international \u00e0 une nouvelle fa\u00e7on de travailler. Tous nos efforts ont \u00e9t\u00e9 concentr\u00e9s sur la poursuite de la communication commerciale par visioconf\u00e9rences, avec nos march\u00e9s......<\/p>                            <span class=\"post_infos\">\n\n                                \n                                                                    <a itemprop=\"url\" class=\"post_comments\" href=\"https:\/\/exportago.com\/fr\/covid-a-affecte-de-nombreuses-activites-commerciales\/#respond\">No comment<\/a>\n                                \n                                \n                                                            <\/span>\n\n                        <\/div>\n                    <\/div>\n                <\/div>\n            <\/div>\n        <\/li>\n        \n        <li class=\"clearfix\">\n            <div class=\"boxes_image\">\n                                <a itemprop=\"url\" href=\"https:\/\/exportago.com\/fr\/communique-par-le-coronavirus-nous-continuons-a-votre-service\/\"><img width=\"539\" height=\"303\" src=\"https:\/\/exportago.com\/wp-content\/uploads\/2020\/03\/FOTO-AJEDREZ-EXPORTAGO-539x303.jpeg\" class=\"attachment-latest_post_boxes size-latest_post_boxes wp-post-image\" alt=\"\" decoding=\"async\" loading=\"lazy\" \/><\/a>\n            <\/div>\n            <div class=\"latest_post\"  >\n                <div class=\"latest_post_text\">\n                    <div class=\"latest_post_inner\">\n                        <div itemprop=\"dateCreated\" class=\"latest_post_date entry_date updated\">\n                            <div class=\"latest_post_day\">25<\/div>\n                            <div class=\"latest_post_month\">Mar<\/div>\n                            <meta itemprop=\"interactionCount\" content=\"UserComments: 0\" \/>\n                        <\/div>\n\n                        <div class=\"latest_post_text_inner\">\n                            <h5 itemprop=\"name\" class=\"latest_post_title entry_title\"><a itemprop=\"url\" href=\"https:\/\/exportago.com\/fr\/communique-par-le-coronavirus-nous-continuons-a-votre-service\/\">Communiqu\u00e9 par le Coronavirus : nous continuons \u00e0 votre service<\/a><\/h5>\n                            <p class=\"excerpt\">En Exporta@go nous avons d\u00e9cid\u00e9 de mettre en \u0153uvre le t\u00e9l\u00e9travail, afin de prot\u00e9ger la sant\u00e9 des personnes et des familles que nous formons l\u2019entreprise, les clients et les partenaires, gr\u00e2ce \u00e0 la technologie de l\u2019activit\u00e9 continuera \u00e0 se d\u00e9velopper normalement. La seule activit\u00e9 qui......<\/p>                            <span class=\"post_infos\">\n\n                                \n                                                                    <a itemprop=\"url\" class=\"post_comments\" href=\"https:\/\/exportago.com\/fr\/communique-par-le-coronavirus-nous-continuons-a-votre-service\/#respond\">No comment<\/a>\n                                \n                                \n                                                            <\/span>\n\n                        <\/div>\n                    <\/div>\n                <\/div>\n            <\/div>\n        <\/li>\n        \n        <li class=\"clearfix\">\n            <div class=\"boxes_image\">\n                                <a itemprop=\"url\" href=\"https:\/\/exportago.com\/fr\/nous-avons-conclu-un-accord-de-collaboration-avec-almarc-general-trading-fze-basee-a-dubai\/\"><img width=\"539\" height=\"303\" src=\"https:\/\/exportago.com\/wp-content\/uploads\/2020\/02\/WhatsApp-Image-2020-02-18-at-15.10.30-539x303.jpeg\" class=\"attachment-latest_post_boxes size-latest_post_boxes wp-post-image\" alt=\"\" decoding=\"async\" loading=\"lazy\" \/><\/a>\n            <\/div>\n            <div class=\"latest_post\"  >\n                <div class=\"latest_post_text\">\n                    <div class=\"latest_post_inner\">\n                        <div itemprop=\"dateCreated\" class=\"latest_post_date entry_date updated\">\n                            <div class=\"latest_post_day\">18<\/div>\n                            <div class=\"latest_post_month\">F\u00e9v<\/div>\n                            <meta itemprop=\"interactionCount\" content=\"UserComments: 0\" \/>\n                        <\/div>\n\n                        <div class=\"latest_post_text_inner\">\n                            <h5 itemprop=\"name\" class=\"latest_post_title entry_title\"><a itemprop=\"url\" href=\"https:\/\/exportago.com\/fr\/nous-avons-conclu-un-accord-de-collaboration-avec-almarc-general-trading-fze-basee-a-dubai\/\">Nous avons conclu un accord de collaboration avec Almarc General Trading FZE, bas\u00e9e \u00e0 Duba\u00ef<\/a><\/h5>\n                            <p class=\"excerpt\">Exporta@go s\u2019engage \u00e0 d\u00e9velopper ses activit\u00e9s internationales apr\u00e8s la conclusion de l\u2019accord de partenariat avec Almarc General Trading FZE, bas\u00e9e \u00e0 Duba\u00ef. L\u2019accord entre les deux soci\u00e9t\u00e9s a eu lieu dans le cadre international Gulfood Dubai. Cette ann\u00e9e, nous tiendrons diff\u00e9rentes r\u00e9unions commerciales entre les......<\/p>                            <span class=\"post_infos\">\n\n                                \n                                                                    <a itemprop=\"url\" class=\"post_comments\" href=\"https:\/\/exportago.com\/fr\/nous-avons-conclu-un-accord-de-collaboration-avec-almarc-general-trading-fze-basee-a-dubai\/#respond\">No comment<\/a>\n                                \n                                \n                                                            <\/span>\n\n                        <\/div>\n                    <\/div>\n                <\/div>\n            <\/div>\n        <\/li>\n        \n        <li class=\"clearfix\">\n            <div class=\"boxes_image\">\n                                <a itemprop=\"url\" href=\"https:\/\/exportago.com\/fr\/du-16-au-20-fevrier-nous-serons-a-gulf-food-dubai\/\"><img width=\"539\" height=\"303\" src=\"https:\/\/exportago.com\/wp-content\/uploads\/2020\/02\/image002-DUBAI-539x303.jpg\" class=\"attachment-latest_post_boxes size-latest_post_boxes wp-post-image\" alt=\"\" decoding=\"async\" loading=\"lazy\" \/><\/a>\n            <\/div>\n            <div class=\"latest_post\"  >\n                <div class=\"latest_post_text\">\n                    <div class=\"latest_post_inner\">\n                        <div itemprop=\"dateCreated\" class=\"latest_post_date entry_date updated\">\n                            <div class=\"latest_post_day\">07<\/div>\n                            <div class=\"latest_post_month\">F\u00e9v<\/div>\n                            <meta itemprop=\"interactionCount\" content=\"UserComments: 0\" \/>\n                        <\/div>\n\n                        <div class=\"latest_post_text_inner\">\n                            <h5 itemprop=\"name\" class=\"latest_post_title entry_title\"><a itemprop=\"url\" href=\"https:\/\/exportago.com\/fr\/du-16-au-20-fevrier-nous-serons-a-gulf-food-dubai\/\">Du 16 au 20 f\u00e9vrier, nous serons \u00e0 Gulf Food, Duba\u00ef<\/a><\/h5>\n                            <p class=\"excerpt\">Gulf Food est la plus grande foire du Moyen-Orient d\u00e9di\u00e9e \u00e0 l\u2019industrie alimentaire et h\u00f4teli\u00e8re. L\u2019\u00e9v\u00e9nement a lieu au Dubai International Conventions and Exhibitions Centre et chaque ann\u00e9e conquiert plus d\u2019adeptes. Les fabricants et distributeurs d\u2019\u00e9quipement et de fournisseurs de services pour les secteurs de......<\/p>                            <span class=\"post_infos\">\n\n                                \n                                                                    <a itemprop=\"url\" class=\"post_comments\" href=\"https:\/\/exportago.com\/fr\/du-16-au-20-fevrier-nous-serons-a-gulf-food-dubai\/#respond\">No comment<\/a>\n                                \n                                \n                                                            <\/span>\n\n                        <\/div>\n                    <\/div>\n                <\/div>\n            <\/div>\n        <\/li>\n        \n        <li class=\"clearfix\">\n            <div class=\"boxes_image\">\n                                <a itemprop=\"url\" href=\"https:\/\/exportago.com\/fr\/mision-empresarial-guinea-ecuatorial-enero-2020\/\"><img width=\"539\" height=\"303\" src=\"https:\/\/exportago.com\/wp-content\/uploads\/2020\/01\/WhatsApp-Image-2020-01-14-at-22.01.21-539x303.jpeg\" class=\"attachment-latest_post_boxes size-latest_post_boxes wp-post-image\" alt=\"\" decoding=\"async\" loading=\"lazy\" \/><\/a>\n            <\/div>\n            <div class=\"latest_post\"  >\n                <div class=\"latest_post_text\">\n                    <div class=\"latest_post_inner\">\n                        <div itemprop=\"dateCreated\" class=\"latest_post_date entry_date updated\">\n                            <div class=\"latest_post_day\">15<\/div>\n                            <div class=\"latest_post_month\">Jan<\/div>\n                            <meta itemprop=\"interactionCount\" content=\"UserComments: 0\" \/>\n                        <\/div>\n\n                        <div class=\"latest_post_text_inner\">\n                            <h5 itemprop=\"name\" class=\"latest_post_title entry_title\"><a itemprop=\"url\" href=\"https:\/\/exportago.com\/fr\/mision-empresarial-guinea-ecuatorial-enero-2020\/\">Voyages d&rsquo;affaires Guin\u00e9e \u00e9quatoriale Janvier 2020<\/a><\/h5>\n                            <p class=\"excerpt\">Cette semaine, nous sommes sur un voyage de travail en Guin\u00e9e \u00e9quatoriale et au Cameroun avec des entrepreneurs de toute l&rsquo;Espagne. Les alliances commerciales sont bas\u00e9es sur les contacts et la confiance. La fa\u00e7on la plus efficace de promouvoir de telles relations est de r\u00e9unir......<\/p>                            <span class=\"post_infos\">\n\n                                \n                                                                    <a itemprop=\"url\" class=\"post_comments\" href=\"https:\/\/exportago.com\/fr\/mision-empresarial-guinea-ecuatorial-enero-2020\/#respond\">No comment<\/a>\n                                \n                                \n                                                            <\/span>\n\n                        <\/div>\n                    <\/div>\n                <\/div>\n            <\/div>\n        <\/li>\n        \n        <li class=\"clearfix\">\n            <div class=\"boxes_image\">\n                                <a itemprop=\"url\" href=\"https:\/\/exportago.com\/fr\/guinea-ecuatorial-camerun\/\"><img width=\"539\" height=\"303\" src=\"https:\/\/exportago.com\/wp-content\/uploads\/2019\/11\/Guinea-Camerun-pet-539x303.jpg\" class=\"attachment-latest_post_boxes size-latest_post_boxes wp-post-image\" alt=\"\" decoding=\"async\" loading=\"lazy\" \/><\/a>\n            <\/div>\n            <div class=\"latest_post\"  >\n                <div class=\"latest_post_text\">\n                    <div class=\"latest_post_inner\">\n                        <div itemprop=\"dateCreated\" class=\"latest_post_date entry_date updated\">\n                            <div class=\"latest_post_day\">11<\/div>\n                            <div class=\"latest_post_month\">Nov<\/div>\n                            <meta itemprop=\"interactionCount\" content=\"UserComments: 0\" \/>\n                        <\/div>\n\n                        <div class=\"latest_post_text_inner\">\n                            <h5 itemprop=\"name\" class=\"latest_post_title entry_title\"><a itemprop=\"url\" href=\"https:\/\/exportago.com\/fr\/guinea-ecuatorial-camerun\/\">Visite en Guin\u00e9e \u00e9quatoriale et au Cameroun en janvier 2020<\/a><\/h5>\n                            <p class=\"excerpt\">Opportunit\u00e9s commerciales en Guin\u00e9e \u00e9quatoriale et au Cameroun Du 8 au 15 JANVIER 2020 \u00a0Opportunit\u00e9s de march\u00e9\u00a0 Destin\u00e9 aux entreprises int\u00e9ress\u00e9es par le march\u00e9, recherchez des partenaires commerciaux, des distributeurs et des clients dans le pays de destination. Itin\u00e9raire : Barcelone\/Madrid &#8211; Malabo et\/ou Douala......<\/p>                            <span class=\"post_infos\">\n\n                                \n                                                                    <a itemprop=\"url\" class=\"post_comments\" href=\"https:\/\/exportago.com\/fr\/guinea-ecuatorial-camerun\/#respond\">No comment<\/a>\n                                \n                                \n                                                            <\/span>\n\n                        <\/div>\n                    <\/div>\n                <\/div>\n            <\/div>\n        <\/li>\n            <\/ul>\n<\/div>[\/vc_column][\/vc_row]<\/p>\n<\/section>","protected":false},"excerpt":{"rendered":"<p>[vc_row css_animation=\u00a0\u00bb\u00a0\u00bb row_type=\u00a0\u00bbrow\u00a0\u00bb use_row_as_full_screen_section=\u00a0\u00bbno\u00a0\u00bb type=\u00a0\u00bbgrid\u00a0\u00bb angled_section=\u00a0\u00bbno\u00a0\u00bb text_align=\u00a0\u00bbcenter\u00a0\u00bb background_image_as_pattern=\u00a0\u00bbwithout_pattern\u00a0\u00bb padding_top=\u00a0\u00bb126&Prime; padding_bottom=\u00a0\u00bb98&Prime; z_index=\u00a0\u00bb\u00a0\u00bb][vc_column][\/vc_column][\/vc_row]<\/p>\n","protected":false},"author":1,"featured_media":0,"parent":0,"menu_order":0,"comment_status":"closed","ping_status":"closed","template":"full_width.php","meta":[],"_links":{"self":[{"href":"https:\/\/exportago.com\/fr\/wp-json\/wp\/v2\/pages\/641"}],"collection":[{"href":"https:\/\/exportago.com\/fr\/wp-json\/wp\/v2\/pages"}],"about":[{"href":"https:\/\/exportago.com\/fr\/wp-json\/wp\/v2\/types\/page"}],"author":[{"embeddable":true,"href":"https:\/\/exportago.com\/fr\/wp-json\/wp\/v2\/users\/1"}],"replies":[{"embeddable":true,"href":"https:\/\/exportago.com\/fr\/wp-json\/wp\/v2\/comments?post=641"}],"version-history":[{"count":3,"href":"https:\/\/exportago.com\/fr\/wp-json\/wp\/v2\/pages\/641\/revisions"}],"predecessor-version":[{"id":722,"href":"https:\/\/exportago.com\/fr\/wp-json\/wp\/v2\/pages\/641\/revisions\/722"}],"wp:attachment":[{"href":"https:\/\/exportago.com\/fr\/wp-json\/wp\/v2\/media?parent=641"}],"curies":[{"name":"wp","href":"https:\/\/api.w.org\/{rel}","templated":true}]}}