{"id":639,"date":"2019-10-14T08:56:04","date_gmt":"2019-10-14T08:56:04","guid":{"rendered":"https:\/\/exportago.com\/?page_id=639"},"modified":"2019-10-16T15:46:32","modified_gmt":"2019-10-16T15:46:32","slug":"les-services","status":"publish","type":"page","link":"https:\/\/exportago.com\/fr\/les-services\/","title":{"rendered":"Les services"},"content":{"rendered":"<section class=\"wpb-content-wrapper\"><p>[vc_row css_animation=\u00a0\u00bb\u00a0\u00bb row_type=\u00a0\u00bbrow\u00a0\u00bb use_row_as_full_screen_section=\u00a0\u00bbno\u00a0\u00bb type=\u00a0\u00bbgrid\u00a0\u00bb angled_section=\u00a0\u00bbno\u00a0\u00bb text_align=\u00a0\u00bbleft\u00a0\u00bb background_image_as_pattern=\u00a0\u00bbwithout_pattern\u00a0\u00bb z_index=\u00a0\u00bb\u00a0\u00bb padding_top=\u00a0\u00bb80px\u00a0\u00bb padding_bottom=\u00a0\u00bb40px\u00a0\u00bb css=\u00a0\u00bb.vc_custom_1571240746484{margin-top: 80px !important;margin-bottom: 40px !important;}\u00a0\u00bb anchor=\u00a0\u00bbimport\u00a0\u00bb][vc_column][vc_column_text]<\/p>\n<h2>IMPORT EXPORT<\/h2>\n<p>[\/vc_column_text][vc_empty_space height=\u00a0\u00bb17px\u00a0\u00bb][vc_column_text]<\/p>\n<h4>Nous vous conseillons sur tout ce dont vous avez besoin pour que votre entreprise puisse vendre dans d&rsquo;autres pays:<\/h4>\n<p>[\/vc_column_text][\/vc_column][\/vc_row][vc_row css_animation=\u00a0\u00bb\u00a0\u00bb row_type=\u00a0\u00bbrow\u00a0\u00bb use_row_as_full_screen_section=\u00a0\u00bbno\u00a0\u00bb type=\u00a0\u00bbgrid\u00a0\u00bb angled_section=\u00a0\u00bbno\u00a0\u00bb text_align=\u00a0\u00bbleft\u00a0\u00bb background_image_as_pattern=\u00a0\u00bbwithout_pattern\u00a0\u00bb z_index=\u00a0\u00bb\u00a0\u00bb][vc_column width=\u00a0\u00bb1\/2&Prime;]<span data-type=\"circle\"   class=\"qode_icon_shortcode fa-stack q_font_awsome_icon_stack fa-lg pull-left \" style=\"margin: 0 10px 20px 0; \"><i class=\"fa fa-circle fa-stack-base fa-stack-2x\" style=\"color: #3d5261;\"><\/i><i class=\"qode_icon_font_awesome fa fa-search qode_icon_element fa-stack-1x\" style=\"font-size: 20px;color: #ffffff;\" ><\/i><\/span>[vc_column_text]<\/p>\n<h4><span style=\"color: #1c1c1c;\">Recherche<\/span><\/h4>\n<p>[\/vc_column_text][vc_column_text]Recherche et\/ou v\u00e9rification du fournisseur\/client.[\/vc_column_text][\/vc_column][vc_column width=\u00a0\u00bb1\/2&Prime;]<span data-type=\"circle\"   class=\"qode_icon_shortcode fa-stack q_font_awsome_icon_stack fa-lg pull-left \" style=\"margin: 0 10px 20px 0; \"><i class=\"fa fa-circle fa-stack-base fa-stack-2x\" style=\"color: #3d5261;\"><\/i><i class=\"qode_icon_font_awesome fa fa-check qode_icon_element fa-stack-1x\" style=\"font-size: 20px;color: #ffffff;\" ><\/i><\/span>[vc_column_text]<\/p>\n<h4><span style=\"color: #1c1c1c;\">Contr\u00f4le de qualit\u00e9<\/span><\/h4>\n<p>[\/vc_column_text][vc_column_text]Contr\u00f4le de la qualit\u00e9 des produits (certificats) et de leur conformit\u00e9 \u00e0 la l\u00e9gislation du pays.[\/vc_column_text][\/vc_column][\/vc_row][vc_row css_animation=\u00a0\u00bb\u00a0\u00bb row_type=\u00a0\u00bbrow\u00a0\u00bb use_row_as_full_screen_section=\u00a0\u00bbno\u00a0\u00bb type=\u00a0\u00bbfull_width\u00a0\u00bb angled_section=\u00a0\u00bbno\u00a0\u00bb text_align=\u00a0\u00bbleft\u00a0\u00bb background_image_as_pattern=\u00a0\u00bbwithout_pattern\u00a0\u00bb][vc_column][vc_empty_space height=\u00a0\u00bb42px\u00a0\u00bb][\/vc_column][\/vc_row][vc_row css_animation=\u00a0\u00bb\u00a0\u00bb row_type=\u00a0\u00bbrow\u00a0\u00bb use_row_as_full_screen_section=\u00a0\u00bbno\u00a0\u00bb type=\u00a0\u00bbgrid\u00a0\u00bb angled_section=\u00a0\u00bbno\u00a0\u00bb text_align=\u00a0\u00bbleft\u00a0\u00bb background_image_as_pattern=\u00a0\u00bbwithout_pattern\u00a0\u00bb z_index=\u00a0\u00bb\u00a0\u00bb css=\u00a0\u00bb.vc_custom_1565269384692{margin-bottom: 60px !important;}\u00a0\u00bb][vc_column width=\u00a0\u00bb1\/2&Prime;]<span data-type=\"circle\"   class=\"qode_icon_shortcode fa-stack q_font_awsome_icon_stack fa-lg pull-left \" style=\"margin: 0 10px 20px 0; \"><i class=\"fa fa-circle fa-stack-base fa-stack-2x\" style=\"color: #3d5261;\"><\/i><i class=\"qode_icon_font_awesome fa fa-list-ol qode_icon_element fa-stack-1x\" style=\"font-size: 20px;color: #ffffff;\" ><\/i><\/span>[vc_column_text]<\/p>\n<h4><span style=\"color: #1c1c1c;\">Examen des co\u00fbts<\/span><\/h4>\n<p>[\/vc_column_text][vc_column_text]V\u00e9rification des exigences (licences, autorisations sp\u00e9cifiques) n\u00e9cessaires \u00e0 l&rsquo;op\u00e9ration.[\/vc_column_text][\/vc_column][vc_column width=\u00a0\u00bb1\/2&Prime;]<span data-type=\"circle\"   class=\"qode_icon_shortcode fa-stack q_font_awsome_icon_stack fa-lg pull-left \" style=\"margin: 0 10px 20px 0; \"><i class=\"fa fa-circle fa-stack-base fa-stack-2x\" style=\"color: #3d5261;\"><\/i><i class=\"qode_icon_font_awesome fa fa-calculator qode_icon_element fa-stack-1x\" style=\"font-size: 20px;color: #ffffff;\" ><\/i><\/span>[vc_column_text]<\/p>\n<h4><span style=\"color: #1c1c1c;\">Co\u00fbts associ\u00e9s<\/span><\/h4>\n<p>[\/vc_column_text][vc_column_text]Calcul des co\u00fbts associ\u00e9s (transport, assurance, droits et taxes).[\/vc_column_text][\/vc_column][\/vc_row][vc_row css_animation=\u00a0\u00bb\u00a0\u00bb row_type=\u00a0\u00bbrow\u00a0\u00bb use_row_as_full_screen_section=\u00a0\u00bbno\u00a0\u00bb type=\u00a0\u00bbgrid\u00a0\u00bb angled_section=\u00a0\u00bbno\u00a0\u00bb text_align=\u00a0\u00bbleft\u00a0\u00bb background_image_as_pattern=\u00a0\u00bbwithout_pattern\u00a0\u00bb z_index=\u00a0\u00bb\u00a0\u00bb padding_top=\u00a0\u00bb40px\u00a0\u00bb padding_bottom=\u00a0\u00bb40px\u00a0\u00bb css=\u00a0\u00bb.vc_custom_1571240759253{margin-top: 40px !important;margin-bottom: 30px !important;padding-top: 50px !important;padding-bottom: 30px !important;background-color: rgba(170,185,196,0.4) !important;*background-color: rgb(170,185,196) !important;}\u00a0\u00bb anchor=\u00a0\u00bbcomercial\u00a0\u00bb][vc_column][vc_row_inner row_type=\u00a0\u00bbrow\u00a0\u00bb type=\u00a0\u00bbfull_width\u00a0\u00bb text_align=\u00a0\u00bbleft\u00a0\u00bb css_animation=\u00a0\u00bb\u00a0\u00bb][vc_column_inner width=\u00a0\u00bb2\/3&Prime; css=\u00a0\u00bb.vc_custom_1565290593780{margin-right: 20px !important;padding-right: 20px !important;}\u00a0\u00bb][vc_column_text]<\/p>\n<h2>REPR\u00c9SENTATION COMMERCIALE<\/h2>\n<p>[\/vc_column_text][vc_empty_space height=\u00a0\u00bb17px\u00a0\u00bb][vc_column_text]<\/p>\n<h4>Si votre soci\u00e9t\u00e9 ne poss\u00e8de pas de service commercial international ni d&rsquo;exp\u00e9rience sur un territoire donn\u00e9, mais a besoin d&rsquo;une repr\u00e9sentation pour la promotion de ses produits ou services, nous proposons un service de repr\u00e9sentation commerciale.<\/h4>\n<h4>Nous agissons en tant que bureau commercial, participant \u00e0 la conception de votre politique commerciale, collaborant \u00e0 l&rsquo;\u00e9laboration du plan marketing international, faisant la promotion de vos produits ou services et contactant des clients potentiels sur le territoire choisi.<\/h4>\n<h4>Les avantages de cette modalit\u00e9 sont multiples.<\/h4>\n<p>[\/vc_column_text][vc_empty_space]<div class=\"q_icon_list\"><i class=\"qode_icon_font_awesome fa fa-angle-double-right qode-ili-icon-holder circle\" style=\"background-color: #3d5261;\" ><\/i><p style=\"\">Nous avons notre propre portefeuille de clients et une grande exp\u00e9rience commerciale dans des secteurs et des territoires tr\u00e8s vari\u00e9s.<\/p><\/div><div class=\"q_icon_list\"><i class=\"qode_icon_font_awesome fa fa-angle-double-right qode-ili-icon-holder circle\" style=\"background-color: #3d5261;\" ><\/i><p style=\"\">Nous recueillons des informations utiles sur le march\u00e9 qui affecte votre entreprise afin de suivre l'\u00e9volution de l'industrie et de la concurrence, ce qui se traduit par une strat\u00e9gie de vente et des projets futurs plus en phase avec la dynamique actuelle.<\/p><\/div><div class=\"q_icon_list\"><i class=\"qode_icon_font_awesome fa fa-angle-double-right qode-ili-icon-holder circle\" style=\"background-color: #3d5261;\" ><\/i><p style=\"\">Nous sommes orient\u00e9s pour atteindre les r\u00e9sultats attendus par votre entreprise. Nous vous \u00e9conomisons des co\u00fbts par rapport aux autres modalit\u00e9s de mise en \u0153uvre, en convertissant les co\u00fbts fixes en variables.<\/p><\/div><div class=\"q_icon_list\"><i class=\"qode_icon_font_awesome fa fa-angle-double-right qode-ili-icon-holder circle\" style=\"background-color: #3d5261;\" ><\/i><p style=\"\">Nous devenons les ambassadeurs de votre entreprise aupr\u00e8s du monde entier, notre bonne proc\u00e9dure garantit donc la consolidation de votre marque aux yeux de clients potentiels.<\/p><\/div>[\/vc_column_inner][vc_column_inner width=\u00a0\u00bb1\/3&Prime;][vc_empty_space height=\u00a0\u00bb62px\u00a0\u00bb][vc_single_image image=\u00a0\u00bb541&Prime; img_size=\u00a0\u00bbfull\u00a0\u00bb alignment=\u00a0\u00bbright\u00a0\u00bb qode_css_animation=\u00a0\u00bb\u00a0\u00bb][\/vc_column_inner][\/vc_row_inner][vc_row_inner row_type=\u00a0\u00bbrow\u00a0\u00bb type=\u00a0\u00bbfull_width\u00a0\u00bb text_align=\u00a0\u00bbleft\u00a0\u00bb css_animation=\u00a0\u00bb\u00a0\u00bb css=\u00a0\u00bb.vc_custom_1565553472564{margin-top: 20px !important;}\u00a0\u00bb][vc_column_inner]<p class=\"wpcf7-contact-form-not-found\"><strong>Erreur\u00a0:<\/strong> Formulaire de contact non trouv\u00e9\u00a0!<\/p>[\/vc_column_inner][\/vc_row_inner][\/vc_column][\/vc_row][vc_row css_animation=\u00a0\u00bb\u00a0\u00bb row_type=\u00a0\u00bbrow\u00a0\u00bb use_row_as_full_screen_section=\u00a0\u00bbno\u00a0\u00bb type=\u00a0\u00bbgrid\u00a0\u00bb angled_section=\u00a0\u00bbno\u00a0\u00bb text_align=\u00a0\u00bbleft\u00a0\u00bb background_image_as_pattern=\u00a0\u00bbwithout_pattern\u00a0\u00bb z_index=\u00a0\u00bb\u00a0\u00bb padding_top=\u00a0\u00bb40px\u00a0\u00bb padding_bottom=\u00a0\u00bb40px\u00a0\u00bb css=\u00a0\u00bb.vc_custom_1571240773411{margin-top: 40px !important;margin-bottom: 40px !important;}\u00a0\u00bb anchor=\u00a0\u00bbviajes\u00a0\u00bb][vc_column][vc_column_text]<\/p>\n<h2>VOYAGES COMMERCIAUX<\/h2>\n<p>[\/vc_column_text][vc_empty_space height=\u00a0\u00bb17px\u00a0\u00bb][vc_row_inner row_type=\u00a0\u00bbrow\u00a0\u00bb type=\u00a0\u00bbfull_width\u00a0\u00bb text_align=\u00a0\u00bbleft\u00a0\u00bb css_animation=\u00a0\u00bb\u00a0\u00bb][vc_column_inner width=\u00a0\u00bb1\/3&Prime;][vc_single_image image=\u00a0\u00bb447&Prime; img_size=\u00a0\u00bbfull\u00a0\u00bb qode_css_animation=\u00a0\u00bb\u00a0\u00bb][\/vc_column_inner][vc_column_inner width=\u00a0\u00bb2\/3&Prime;][vc_column_text]<\/p>\n<h4>Le voyage commercial est un outil de promotion commerciale largement utilis\u00e9 pour ses actions en commerce ext\u00e9rieur.<br \/>\nAinsi, les entreprises participantes ont la possibilit\u00e9 de pr\u00e9senter leur offre de produits et services, en plus de conna\u00eetre directement les clients ou distributeurs potentiels.<\/h4>\n<h4>Dans le m\u00eame temps, vous pouvez \u00e9valuer les opportunit\u00e9s commerciales existantes dans le pays visit\u00e9.<\/h4>\n<h4>Notre vaste r\u00e9seau de contacts nous permet d\u2019organiser des agendas personnalis\u00e9s, de contacter des clients potentiels.<\/h4>\n<p>[\/vc_column_text][\/vc_column_inner][\/vc_row_inner][\/vc_column][\/vc_row][vc_row css_animation=\u00a0\u00bb\u00a0\u00bb row_type=\u00a0\u00bbrow\u00a0\u00bb use_row_as_full_screen_section=\u00a0\u00bbno\u00a0\u00bb type=\u00a0\u00bbgrid\u00a0\u00bb angled_section=\u00a0\u00bbno\u00a0\u00bb text_align=\u00a0\u00bbleft\u00a0\u00bb background_image_as_pattern=\u00a0\u00bbwithout_pattern\u00a0\u00bb z_index=\u00a0\u00bb\u00a0\u00bb padding_top=\u00a0\u00bb40px\u00a0\u00bb padding_bottom=\u00a0\u00bb40px\u00a0\u00bb css=\u00a0\u00bb.vc_custom_1571240786184{margin-top: 40px !important;margin-bottom: 40px !important;padding-top: 50px !important;padding-bottom: 50px !important;background-color: rgba(170,185,196,0.4) !important;*background-color: rgb(170,185,196) !important;}\u00a0\u00bb anchor=\u00a0\u00bbinternacional\u00a0\u00bb][vc_column][vc_column_text]<\/p>\n<h2>PLAN D&rsquo;INTERNATIONALISATION<\/h2>\n<p>[\/vc_column_text][vc_empty_space height=\u00a0\u00bb17px\u00a0\u00bb][vc_row_inner row_type=\u00a0\u00bbrow\u00a0\u00bb type=\u00a0\u00bbfull_width\u00a0\u00bb text_align=\u00a0\u00bbleft\u00a0\u00bb css_animation=\u00a0\u00bb\u00a0\u00bb][vc_column_inner width=\u00a0\u00bb2\/3&Prime;][vc_column_text]<\/p>\n<h4>Nous pr\u00e9parons votre plan d\u2019internationalisation de sorte que, en plus de marquer la direction de votre entreprise, vous puissiez commencer \u00e0 mettre en \u0153uvre le plus rapidement possible, en tenant compte de tous les aspects n\u00e9cessaires.<\/h4>\n<h4>Services de plan d&rsquo;internationalisation<\/h4>\n<p>[\/vc_column_text][vc_empty_space height=\u00a0\u00bb12px\u00a0\u00bb]<div class=\"q_icon_list\"><i class=\"qode_icon_font_awesome fa fa-angle-double-right qode-ili-icon-holder circle\" style=\"color: #ffffff;background-color: #3d5261;\" ><\/i><p style=\"\">Diagnostic pr\u00e9alable du potentiel de l'entreprise et de ses produits.<\/p><\/div><div class=\"q_icon_list\"><i class=\"qode_icon_font_awesome fa fa-angle-double-right qode-ili-icon-holder circle\" style=\"color: #ffffff;background-color: #3d5261;\" ><\/i><p style=\"\">Etude et s\u00e9lection de march\u00e9s potentiels.<\/p><\/div><div class=\"q_icon_list\"><i class=\"qode_icon_font_awesome fa fa-angle-double-right qode-ili-icon-holder circle\" style=\"color: #ffffff;background-color: #3d5261;\" ><\/i><p style=\"\">Analyse de la r\u00e9glementation, des proc\u00e9dures n\u00e9cessaires et des co\u00fbts pour le d\u00e9but de l'activit\u00e9.<\/p><\/div><div class=\"q_icon_list\"><i class=\"qode_icon_font_awesome fa fa-angle-double-right qode-ili-icon-holder circle\" style=\"color: #ffffff;background-color: #3d5261;\" ><\/i><p style=\"\">Conseils sur la s\u00e9lection du canal d'entr\u00e9e.<\/p><\/div><div class=\"q_icon_list\"><i class=\"qode_icon_font_awesome fa fa-angle-double-right qode-ili-icon-holder circle\" style=\"color: #ffffff;background-color: #3d5261;\" ><\/i><p style=\"\">Adaptation du produit et outils commerciaux.<\/p><\/div><div class=\"q_icon_list\"><i class=\"qode_icon_font_awesome fa fa-angle-double-right qode-ili-icon-holder circle\" style=\"color: #ffffff;background-color: #3d5261;\" ><\/i><p style=\"\">Recherche, hi\u00e9rarchisation et organisation de la pr\u00e9sence de l'entreprise sur des salons en rapport avec son activit\u00e9.<\/p><\/div><div class=\"q_icon_list\"><i class=\"qode_icon_font_awesome fa fa-angle-double-right qode-ili-icon-holder circle\" style=\"color: #ffffff;background-color: #3d5261;\" ><\/i><p style=\"\">Conseils en mati\u00e8re de recouvrement, contrats internationaux, douane et logistique, contr\u00f4le des risques.<\/p><\/div>[\/vc_column_inner][vc_column_inner width=\u00a0\u00bb1\/3&Prime;][vc_single_image image=\u00a0\u00bb451&Prime; img_size=\u00a0\u00bbfull\u00a0\u00bb qode_css_animation=\u00a0\u00bb\u00a0\u00bb][\/vc_column_inner][\/vc_row_inner][vc_row_inner row_type=\u00a0\u00bbrow\u00a0\u00bb type=\u00a0\u00bbfull_width\u00a0\u00bb text_align=\u00a0\u00bbleft\u00a0\u00bb css_animation=\u00a0\u00bb\u00a0\u00bb][vc_column_inner][vc_empty_space]<p class=\"wpcf7-contact-form-not-found\"><strong>Erreur\u00a0:<\/strong> Formulaire de contact non trouv\u00e9\u00a0!<\/p>[\/vc_column_inner][\/vc_row_inner][\/vc_column][\/vc_row][vc_row css_animation=\u00a0\u00bb\u00a0\u00bb row_type=\u00a0\u00bbrow\u00a0\u00bb use_row_as_full_screen_section=\u00a0\u00bbno\u00a0\u00bb type=\u00a0\u00bbgrid\u00a0\u00bb angled_section=\u00a0\u00bbno\u00a0\u00bb text_align=\u00a0\u00bbleft\u00a0\u00bb background_image_as_pattern=\u00a0\u00bbwithout_pattern\u00a0\u00bb z_index=\u00a0\u00bb\u00a0\u00bb padding_top=\u00a0\u00bb40px\u00a0\u00bb padding_bottom=\u00a0\u00bb40px\u00a0\u00bb css=\u00a0\u00bb.vc_custom_1571240798149{margin-top: 40px !important;margin-bottom: 40px !important;}\u00a0\u00bb anchor=\u00a0\u00bbjoint\u00a0\u00bb][vc_column][vc_column_text]<\/p>\n<h2>JOINT-VENTURE<\/h2>\n<p>[\/vc_column_text][vc_empty_space height=\u00a0\u00bb17px\u00a0\u00bb][vc_row_inner row_type=\u00a0\u00bbrow\u00a0\u00bb type=\u00a0\u00bbfull_width\u00a0\u00bb text_align=\u00a0\u00bbleft\u00a0\u00bb css_animation=\u00a0\u00bb\u00a0\u00bb][vc_column_inner width=\u00a0\u00bb1\/3&Prime;][vc_single_image image=\u00a0\u00bb455&Prime; img_size=\u00a0\u00bbfull\u00a0\u00bb qode_css_animation=\u00a0\u00bb\u00a0\u00bb][\/vc_column_inner][vc_column_inner width=\u00a0\u00bb2\/3&Prime;][vc_column_text]<\/p>\n<h4>La cr\u00e9ation de coentreprises est un grand engagement en faveur de l&rsquo;internationalisation.<\/h4>\n<h4>Bien que cela implique un investissement plus important, le recours \u00e0 un partenaire local r\u00e9duit consid\u00e9rablement les risques commerciaux et am\u00e9liore la comp\u00e9titivit\u00e9 des entreprises.<\/h4>\n<h4>Si vous avez d\u00e9cid\u00e9 de vous implanter sur un nouveau territoire mais que vous ne savez pas comment proc\u00e9der, nous vous conseillerons tout au long du processus:<\/h4>\n<p>[\/vc_column_text][vc_empty_space height=\u00a0\u00bb17px\u00a0\u00bb]<div class=\"q_icon_list\"><i class=\"qode_icon_font_awesome fa fa-angle-double-right qode-ili-icon-holder circle\" style=\"color: #ffffff;background-color: #3d5261;\" ><\/i><p style=\"\">Recherche de partenaires locaux et identification des synergies.<\/p><\/div><div class=\"q_icon_list\"><i class=\"qode_icon_font_awesome fa fa-angle-double-right qode-ili-icon-holder circle\" style=\"color: #ffffff;background-color: #3d5261;\" ><\/i><p style=\"\">N\u00e9gociation ult\u00e9rieure et signature du contrat.<\/p><\/div><div class=\"q_icon_list\"><i class=\"qode_icon_font_awesome fa fa-angle-double-right qode-ili-icon-holder circle\" style=\"color: #ffffff;background-color: #3d5261;\" ><\/i><p style=\"\">Jusqu'\u00e0 sa mise en \u0153uvre.<\/p><\/div>[\/vc_column_inner][\/vc_row_inner][\/vc_column][\/vc_row]<\/p>\n<\/section>","protected":false},"excerpt":{"rendered":"<p>[vc_row css_animation=\u00a0\u00bb\u00a0\u00bb row_type=\u00a0\u00bbrow\u00a0\u00bb use_row_as_full_screen_section=\u00a0\u00bbno\u00a0\u00bb type=\u00a0\u00bbgrid\u00a0\u00bb angled_section=\u00a0\u00bbno\u00a0\u00bb text_align=\u00a0\u00bbleft\u00a0\u00bb background_image_as_pattern=\u00a0\u00bbwithout_pattern\u00a0\u00bb z_index=\u00a0\u00bb\u00a0\u00bb padding_top=\u00a0\u00bb80px\u00a0\u00bb padding_bottom=\u00a0\u00bb40px\u00a0\u00bb css=\u00a0\u00bb.vc_custom_1571240746484{margin-top: 80px !important;margin-bottom: 40px !important;}\u00a0\u00bb anchor=\u00a0\u00bbimport\u00a0\u00bb][vc_column][vc_column_text] IMPORT EXPORT [\/vc_column_text][vc_empty_space height=\u00a0\u00bb17px\u00a0\u00bb][vc_column_text] Nous vous conseillons sur tout ce dont vous avez besoin pour que votre entreprise puisse vendre dans d&rsquo;autres pays: [\/vc_column_text][\/vc_column][\/vc_row][vc_row css_animation=\u00a0\u00bb\u00a0\u00bb row_type=\u00a0\u00bbrow\u00a0\u00bb use_row_as_full_screen_section=\u00a0\u00bbno\u00a0\u00bb type=\u00a0\u00bbgrid\u00a0\u00bb&#8230;<\/p>\n","protected":false},"author":1,"featured_media":0,"parent":0,"menu_order":0,"comment_status":"closed","ping_status":"closed","template":"full_width.php","meta":[],"_links":{"self":[{"href":"https:\/\/exportago.com\/fr\/wp-json\/wp\/v2\/pages\/639"}],"collection":[{"href":"https:\/\/exportago.com\/fr\/wp-json\/wp\/v2\/pages"}],"about":[{"href":"https:\/\/exportago.com\/fr\/wp-json\/wp\/v2\/types\/page"}],"author":[{"embeddable":true,"href":"https:\/\/exportago.com\/fr\/wp-json\/wp\/v2\/users\/1"}],"replies":[{"embeddable":true,"href":"https:\/\/exportago.com\/fr\/wp-json\/wp\/v2\/comments?post=639"}],"version-history":[{"count":4,"href":"https:\/\/exportago.com\/fr\/wp-json\/wp\/v2\/pages\/639\/revisions"}],"predecessor-version":[{"id":688,"href":"https:\/\/exportago.com\/fr\/wp-json\/wp\/v2\/pages\/639\/revisions\/688"}],"wp:attachment":[{"href":"https:\/\/exportago.com\/fr\/wp-json\/wp\/v2\/media?parent=639"}],"curies":[{"name":"wp","href":"https:\/\/api.w.org\/{rel}","templated":true}]}}