{"id":637,"date":"2019-10-14T08:42:01","date_gmt":"2019-10-14T08:42:01","guid":{"rendered":"https:\/\/exportago.com\/?page_id=637"},"modified":"2019-10-16T15:14:52","modified_gmt":"2019-10-16T15:14:52","slug":"qui-sommes-nous","status":"publish","type":"page","link":"https:\/\/exportago.com\/fr\/qui-sommes-nous\/","title":{"rendered":"Qui sommes nous"},"content":{"rendered":"<section class=\"wpb-content-wrapper\"><p>[vc_row css_animation=\u00a0\u00bb\u00a0\u00bb row_type=\u00a0\u00bbrow\u00a0\u00bb use_row_as_full_screen_section=\u00a0\u00bbno\u00a0\u00bb type=\u00a0\u00bbgrid\u00a0\u00bb angled_section=\u00a0\u00bbno\u00a0\u00bb text_align=\u00a0\u00bbleft\u00a0\u00bb background_image_as_pattern=\u00a0\u00bbwithout_pattern\u00a0\u00bb padding_top=\u00a0\u00bb100&Prime; padding_bottom=\u00a0\u00bb30&Prime; z_index=\u00a0\u00bb\u00a0\u00bb css=\u00a0\u00bb.vc_custom_1565265193636{background-position: center !important;background-repeat: no-repeat !important;background-size: cover !important;}\u00a0\u00bb el_class=\u00a0\u00bbeh-with-img\u00a0\u00bb][vc_column width=\u00a0\u00bb1\/2&Prime;][qode_elements_holder number_of_columns=\u00a0\u00bbone_column\u00a0\u00bb][qode_elements_holder_item advanced_animations=\u00a0\u00bbno\u00a0\u00bb item_padding=\u00a0\u00bb0px 36px 0 18px\u00a0\u00bb item_padding_600_768=\u00a0\u00bb0 0px 0 0px\u00a0\u00bb item_padding_480_600=\u00a0\u00bb0 0px 0 0px\u00a0\u00bb item_padding_480=\u00a0\u00bb0 0px 0 0px\u00a0\u00bb][vc_separator type=\u00a0\u00bbtransparent\u00a0\u00bb up=\u00a0\u00bb-28&Prime;][vc_column_text]<\/p>\n<h2>Nous vous aidons \u00e0 mener \u00e0 bien le processus d&rsquo;internationalisation dont votre entreprise a besoin pour minimiser les risques et partout dans le monde.<\/h2>\n<p>[\/vc_column_text][vc_empty_space height=\u00a0\u00bb34px\u00a0\u00bb][vc_column_text]<\/p>\n<h5>Nous proposons des services dans toutes les phases d&rsquo;internationalisation, telles que:<br \/>\n.<\/h5>\n<p>[\/vc_column_text]<div class=ordered><\/p>\n<ol>\n<li>Pr\u00e9parez-vous \u00e0 rendre votre entreprise plus comp\u00e9titive<\/li>\n<li>Soutien strat\u00e9gique pour l&rsquo;introduction sur les march\u00e9s \u00e9trangers<\/li>\n<li>Conseils juridiques, fiscaux, logistiques, etc.<\/li>\n<li>Promotion et support marketing.<\/li>\n<\/ol>\n<p><\/div>[\/qode_elements_holder_item][\/qode_elements_holder][\/vc_column][vc_column width=\u00a0\u00bb1\/2&Prime;][vc_single_image image=\u00a0\u00bb670&Prime; img_size=\u00a0\u00bbfull\u00a0\u00bb qode_css_animation=\u00a0\u00bb\u00a0\u00bb][\/vc_column][\/vc_row][vc_row css_animation=\u00a0\u00bb\u00a0\u00bb row_type=\u00a0\u00bbrow\u00a0\u00bb use_row_as_full_screen_section=\u00a0\u00bbno\u00a0\u00bb type=\u00a0\u00bbgrid\u00a0\u00bb angled_section=\u00a0\u00bbno\u00a0\u00bb text_align=\u00a0\u00bbcenter\u00a0\u00bb background_image_as_pattern=\u00a0\u00bbwithout_pattern\u00a0\u00bb padding_top=\u00a0\u00bb50&Prime; padding_bottom=\u00a0\u00bb48&Prime; z_index=\u00a0\u00bb\u00a0\u00bb css=\u00a0\u00bb.vc_custom_1565544942263{margin-bottom: 50px !important;background-color: rgba(170,185,196,0.4) !important;*background-color: rgb(170,185,196) !important;}\u00a0\u00bb][vc_column][vc_column_text]<\/p>\n<h2>D\u00e8s la premi\u00e8re rencontre avec nos clients, nous nous impliquons activement afin de vous proposer la meilleure solution.<\/h2>\n<p>[\/vc_column_text][vc_empty_space height=\u00a0\u00bb33px\u00a0\u00bb][vc_row_inner row_type=\u00a0\u00bbrow\u00a0\u00bb type=\u00a0\u00bbfull_width\u00a0\u00bb text_align=\u00a0\u00bbleft\u00a0\u00bb css_animation=\u00a0\u00bb\u00a0\u00bb][vc_column_inner]<p class=\"wpcf7-contact-form-not-found\"><strong>Erreur\u00a0:<\/strong> Formulaire de contact non trouv\u00e9\u00a0!<\/p>[\/vc_column_inner][\/vc_row_inner][\/vc_column][\/vc_row][vc_row css_animation=\u00a0\u00bb\u00a0\u00bb row_type=\u00a0\u00bbrow\u00a0\u00bb use_row_as_full_screen_section=\u00a0\u00bbno\u00a0\u00bb type=\u00a0\u00bbgrid\u00a0\u00bb angled_section=\u00a0\u00bbno\u00a0\u00bb text_align=\u00a0\u00bbleft\u00a0\u00bb background_image_as_pattern=\u00a0\u00bbwithout_pattern\u00a0\u00bb z_index=\u00a0\u00bb\u00a0\u00bb padding_bottom=\u00a0\u00bb40px\u00a0\u00bb css=\u00a0\u00bb.vc_custom_1565298404500{margin-bottom: 40px !important;}\u00a0\u00bb][vc_column width=\u00a0\u00bb1\/2&Prime;][vc_column_text]<\/p>\n<h5>Nous nous impliquons dans chaque projet comme s&rsquo;il s&rsquo;agissait du n\u00f4tre, en nous engageant \u00e0:<\/h5>\n<p>[\/vc_column_text][vc_empty_space height=\u00a0\u00bb49px\u00a0\u00bb]<div class=\"q_icon_list\"><i class=\"qode_icon_font_awesome fa fa-angle-double-right qode-ili-icon-holder circle\" style=\"background-color: #3d5261;\" ><\/i><p style=\"font-size: 20px;\">\u00c9valuez chaque cas avec une m\u00e9thodologie d'analyse et de rigueur<\/p><\/div><div class=\"q_icon_list\"><i class=\"qode_icon_font_awesome fa fa-angle-double-right qode-ili-icon-holder circle\" style=\"background-color: #3d5261;\" ><\/i><p style=\"font-size: 20px;\">Mettre au point des solutions de qualit\u00e9 en b\u00e9ton, offrant un service complet pour g\u00e9n\u00e9rer des opportunit\u00e9s d'affaires et la valeur ajout\u00e9e au projet.<\/p><\/div><div class=\"q_icon_list\"><i class=\"qode_icon_font_awesome fa fa-angle-double-right qode-ili-icon-holder circle\" style=\"background-color: #3d5261;\" ><\/i><p style=\"font-size: 20px;\">Travaillez de mani\u00e8re personnalis\u00e9e et flexible (face \u00e0 face, communication virtuelle ou combinaison des deux).<\/p><\/div><div class=\"q_icon_list\"><i class=\"qode_icon_font_awesome fa fa-angle-double-right qode-ili-icon-holder circle\" style=\"background-color: #3d5261;\" ><\/i><p style=\"font-size: 20px;\">Offrez confidentialit\u00e9, s\u00e9rieux, professionnalisme et actions toujours responsables.<\/p><\/div>[\/vc_column][vc_column width=\u00a0\u00bb1\/2&Prime;][vc_single_image image=\u00a0\u00bb312&Prime; img_size=\u00a0\u00bblarge\u00a0\u00bb alignment=\u00a0\u00bbcenter\u00a0\u00bb qode_css_animation=\u00a0\u00bb\u00a0\u00bb][\/vc_column][\/vc_row]<\/p>\n<\/section>","protected":false},"excerpt":{"rendered":"<p>[vc_row css_animation=\u00a0\u00bb\u00a0\u00bb row_type=\u00a0\u00bbrow\u00a0\u00bb use_row_as_full_screen_section=\u00a0\u00bbno\u00a0\u00bb type=\u00a0\u00bbgrid\u00a0\u00bb angled_section=\u00a0\u00bbno\u00a0\u00bb text_align=\u00a0\u00bbleft\u00a0\u00bb background_image_as_pattern=\u00a0\u00bbwithout_pattern\u00a0\u00bb padding_top=\u00a0\u00bb100&Prime; padding_bottom=\u00a0\u00bb30&Prime; z_index=\u00a0\u00bb\u00a0\u00bb css=\u00a0\u00bb.vc_custom_1565265193636{background-position: center !important;background-repeat: no-repeat !important;background-size: cover !important;}\u00a0\u00bb el_class=\u00a0\u00bbeh-with-img\u00a0\u00bb][vc_column width=\u00a0\u00bb1\/2&Prime;][qode_elements_holder number_of_columns=\u00a0\u00bbone_column\u00a0\u00bb][qode_elements_holder_item advanced_animations=\u00a0\u00bbno\u00a0\u00bb item_padding=\u00a0\u00bb0px 36px 0 18px\u00a0\u00bb item_padding_600_768=\u00a0\u00bb0 0px 0 0px\u00a0\u00bb item_padding_480_600=\u00a0\u00bb0 0px 0 0px\u00a0\u00bb item_padding_480=\u00a0\u00bb0 0px 0 0px\u00a0\u00bb][vc_separator type=\u00a0\u00bbtransparent\u00a0\u00bb up=\u00a0\u00bb-28&Prime;][vc_column_text] Nous vous aidons \u00e0 mener&#8230;<\/p>\n","protected":false},"author":1,"featured_media":0,"parent":0,"menu_order":0,"comment_status":"closed","ping_status":"closed","template":"full_width.php","meta":[],"_links":{"self":[{"href":"https:\/\/exportago.com\/fr\/wp-json\/wp\/v2\/pages\/637"}],"collection":[{"href":"https:\/\/exportago.com\/fr\/wp-json\/wp\/v2\/pages"}],"about":[{"href":"https:\/\/exportago.com\/fr\/wp-json\/wp\/v2\/types\/page"}],"author":[{"embeddable":true,"href":"https:\/\/exportago.com\/fr\/wp-json\/wp\/v2\/users\/1"}],"replies":[{"embeddable":true,"href":"https:\/\/exportago.com\/fr\/wp-json\/wp\/v2\/comments?post=637"}],"version-history":[{"count":3,"href":"https:\/\/exportago.com\/fr\/wp-json\/wp\/v2\/pages\/637\/revisions"}],"predecessor-version":[{"id":673,"href":"https:\/\/exportago.com\/fr\/wp-json\/wp\/v2\/pages\/637\/revisions\/673"}],"wp:attachment":[{"href":"https:\/\/exportago.com\/fr\/wp-json\/wp\/v2\/media?parent=637"}],"curies":[{"name":"wp","href":"https:\/\/api.w.org\/{rel}","templated":true}]}}