{"id":631,"date":"2019-10-14T08:24:59","date_gmt":"2019-10-14T08:24:59","guid":{"rendered":"https:\/\/exportago.com\/?page_id=631"},"modified":"2019-10-16T15:48:51","modified_gmt":"2019-10-16T15:48:51","slug":"home","status":"publish","type":"page","link":"https:\/\/exportago.com\/fr\/","title":{"rendered":"Home"},"content":{"rendered":"<section class=\"wpb-content-wrapper\"><p>[vc_row css_animation=\u00a0\u00bb\u00a0\u00bb row_type=\u00a0\u00bbrow\u00a0\u00bb use_row_as_full_screen_section=\u00a0\u00bbno\u00a0\u00bb type=\u00a0\u00bbgrid\u00a0\u00bb angled_section=\u00a0\u00bbno\u00a0\u00bb text_align=\u00a0\u00bbleft\u00a0\u00bb background_image_as_pattern=\u00a0\u00bbwithout_pattern\u00a0\u00bb padding_bottom=\u00a0\u00bb50&Prime; z_index=\u00a0\u00bb\u00a0\u00bb css=\u00a0\u00bb.vc_custom_1565545261685{margin-bottom: 40px !important;padding-bottom: 50px !important;background-color: rgba(170,185,196,0.4) !important;*background-color: rgb(170,185,196) !important;}\u00a0\u00bb][vc_column][vc_empty_space][vc_column_text]<\/p>\n<h2>Services en vedette<\/h2>\n<p>[\/vc_column_text][vc_empty_space]<div class=\"qode-advanced-tabs qode-advanced-tabs qode-advanced-horizontal-tab clearfix qode-advanced-tab-with-icon qode-advanced-tabs-column-4 clearfix\">\n\t<ul class=\"qode-advanced-tabs-nav\">\n\t\t\t\t\t<li>\n\t\t\t\t<h6>\n\t\t\t\t\t<a href=\"#tab-import-export\">\n\t\t\t\t\t\t\t\t\t\t\t\t\t<span class=\"qode-advanced-icon-frame\"><\/span>\n\t\t\t\t\t\t\n\t\t\t\t\t\t\t\t\t\t\t\t\t<span class=\"qode-advanced-tab-text-after-icon\">\n\t\t\t\t\t\t\t\tIMPORT EXPORT\t\t\t\t\t\t\t<\/span>\n\t\t\t\t\t\t\t\t\t\t\t<\/a>\n\t\t\t\t<\/h6>\n\t\t\t<\/li>\n\t\t\t\t\t<li>\n\t\t\t\t<h6>\n\t\t\t\t\t<a href=\"#tab-representation-commerciale\">\n\t\t\t\t\t\t\t\t\t\t\t\t\t<span class=\"qode-advanced-icon-frame\"><\/span>\n\t\t\t\t\t\t\n\t\t\t\t\t\t\t\t\t\t\t\t\t<span class=\"qode-advanced-tab-text-after-icon\">\n\t\t\t\t\t\t\t\tREPR\u00c9SENTATION COMMERCIALE\t\t\t\t\t\t\t<\/span>\n\t\t\t\t\t\t\t\t\t\t\t<\/a>\n\t\t\t\t<\/h6>\n\t\t\t<\/li>\n\t\t\t\t\t<li>\n\t\t\t\t<h6>\n\t\t\t\t\t<a href=\"#tab-voyages-commerciaux\">\n\t\t\t\t\t\t\t\t\t\t\t\t\t<span class=\"qode-advanced-icon-frame\"><\/span>\n\t\t\t\t\t\t\n\t\t\t\t\t\t\t\t\t\t\t\t\t<span class=\"qode-advanced-tab-text-after-icon\">\n\t\t\t\t\t\t\t\tVOYAGES COMMERCIAUX\t\t\t\t\t\t\t<\/span>\n\t\t\t\t\t\t\t\t\t\t\t<\/a>\n\t\t\t\t<\/h6>\n\t\t\t<\/li>\n\t\t\t\t\t<li>\n\t\t\t\t<h6>\n\t\t\t\t\t<a href=\"#tab-joint-venture\">\n\t\t\t\t\t\t\t\t\t\t\t\t\t<span class=\"qode-advanced-icon-frame\"><\/span>\n\t\t\t\t\t\t\n\t\t\t\t\t\t\t\t\t\t\t\t\t<span class=\"qode-advanced-tab-text-after-icon\">\n\t\t\t\t\t\t\t\tJOINT-VENTURE\t\t\t\t\t\t\t<\/span>\n\t\t\t\t\t\t\t\t\t\t\t<\/a>\n\t\t\t\t<\/h6>\n\t\t\t<\/li>\n\t\t\t<\/ul>\n\t<div class=\"qode-advanced-tab-container\" id=\"tab-import-export-755\" data-icon-pack=\"\" data-icon-html=\"\">[vc_row_inner row_type=\u00a0\u00bbrow\u00a0\u00bb type=\u00a0\u00bbfull_width\u00a0\u00bb text_align=\u00a0\u00bbleft\u00a0\u00bb css_animation=\u00a0\u00bb\u00a0\u00bb][vc_column_inner width=\u00a0\u00bb1\/2&Prime;][vc_column_text]<\/p>\n<h6>Nous vous conseillons sur tout ce dont vous avez besoin pour que votre entreprise puisse vendre dans d&rsquo;autres pays:<\/h6>\n<p>[\/vc_column_text][vc_empty_space height=\u00a0\u00bb21px\u00a0\u00bb]<div class='q_list circle'><\/p>\n<ul>\n<li>Recherche et \/ ou v\u00e9rification du fournisseur \/ client.<\/li>\n<li>Contr\u00f4le de la qualit\u00e9 des produits (certificats) et de leur conformit\u00e9 \u00e0 la l\u00e9gislation du pays.<\/li>\n<li>Conditions de v\u00e9rification (licences, autorisations sp\u00e9cifiques) n\u00e9cessaires \u00e0 l&rsquo;op\u00e9ration.<\/li>\n<li>Calcul des co\u00fbts associ\u00e9s (transport, assurance, droits et taxes).<\/li>\n<\/ul>\n<p><\/div>[vc_empty_space height=\u00a0\u00bb20px\u00a0\u00bb]<a  itemprop=\"url\" href=\"https:\/\/exportago.com\/fr\/les-services#import\" target=\"_self\"  class=\"qbutton  default\" style=\"\">Plus d'informations<\/a>[\/vc_column_inner][vc_column_inner width=\u00a0\u00bb1\/2&Prime;][vc_single_image image=\u00a0\u00bb561&Prime; img_size=\u00a0\u00bbfull\u00a0\u00bb qode_css_animation=\u00a0\u00bb\u00a0\u00bb][vc_empty_space height=\u00a0\u00bb20px\u00a0\u00bb][\/vc_column_inner][\/vc_row_inner]<\/div><div class=\"qode-advanced-tab-container\" id=\"tab-representation-commerciale-974\" data-icon-pack=\"\" data-icon-html=\"\">[vc_row_inner row_type=\u00a0\u00bbrow\u00a0\u00bb type=\u00a0\u00bbfull_width\u00a0\u00bb text_align=\u00a0\u00bbleft\u00a0\u00bb css_animation=\u00a0\u00bb\u00a0\u00bb][vc_column_inner width=\u00a0\u00bb1\/2&Prime;][vc_column_text]<\/p>\n<h6>Si vous avez besoin d&rsquo;une repr\u00e9sentation commerciale \u00e0 l&rsquo;\u00e9tranger, nous vous aidons:<\/h6>\n<p>[\/vc_column_text][vc_empty_space height=\u00a0\u00bb21px\u00a0\u00bb]<div class='q_list circle'><\/p>\n<ul>\n<li>Nous agissons comme votre bureau commercial,<\/li>\n<li>Nous participons \u00e0 la conception de votre politique commerciale<\/li>\n<li>Nous collaborons au d\u00e9veloppement du plan marketing international<\/li>\n<li>Nous faisons la promotion de vos produits ou services<\/li>\n<li>Nous contactons des clients potentiels sur le territoire choisi.<\/li>\n<\/ul>\n<p><\/div>[vc_empty_space height=\u00a0\u00bb21px\u00a0\u00bb]<a  itemprop=\"url\" href=\"https:\/\/exportago.com\/fr\/les-services#comercial\" target=\"_self\"  class=\"qbutton  default\" style=\"\">Plus d'informations<\/a>[\/vc_column_inner][vc_column_inner width=\u00a0\u00bb1\/2&Prime;][vc_single_image image=\u00a0\u00bb526&Prime; img_size=\u00a0\u00bbfull\u00a0\u00bb qode_css_animation=\u00a0\u00bb\u00a0\u00bb][vc_empty_space height=\u00a0\u00bb20px\u00a0\u00bb][\/vc_column_inner][\/vc_row_inner]<\/div><div class=\"qode-advanced-tab-container\" id=\"tab-voyages-commerciaux-216\" data-icon-pack=\"\" data-icon-html=\"\">[vc_row_inner row_type=\u00a0\u00bbrow\u00a0\u00bb type=\u00a0\u00bbfull_width\u00a0\u00bb text_align=\u00a0\u00bbleft\u00a0\u00bb css_animation=\u00a0\u00bb\u00a0\u00bb][vc_column_inner width=\u00a0\u00bb1\/2&Prime;][vc_column_text]<\/p>\n<h6>Les voyages commerciaux comme outil de rencontre avec les clients<\/h6>\n<p>[\/vc_column_text][vc_empty_space height=\u00a0\u00bb21px\u00a0\u00bb]<div class='q_list circle'><\/p>\n<ul>\n<li>Nous stimulons vos actions commerciales \u00e0 l&rsquo;\u00e9tranger<\/li>\n<li>Possibilit\u00e9 de montrer votre offre de produits et services<\/li>\n<li>\u00c9valuez les opportunit\u00e9s commerciales existantes dans le pays visit\u00e9.<\/li>\n<\/ul>\n<p><\/div>[vc_empty_space height=\u00a0\u00bb20px\u00a0\u00bb]<a  itemprop=\"url\" href=\"https:\/\/exportago.com\/fr\/les-services#viajes\" target=\"_self\"  class=\"qbutton  default\" style=\"\">Plus d'informations<\/a>[\/vc_column_inner][vc_column_inner width=\u00a0\u00bb1\/2&Prime;][vc_single_image image=\u00a0\u00bb422&Prime; img_size=\u00a0\u00bbfull\u00a0\u00bb qode_css_animation=\u00a0\u00bb\u00a0\u00bb][vc_empty_space height=\u00a0\u00bb20px\u00a0\u00bb][\/vc_column_inner][\/vc_row_inner]<\/div><div class=\"qode-advanced-tab-container\" id=\"tab-joint-venture-922\" data-icon-pack=\"\" data-icon-html=\"\">[vc_row_inner row_type=\u00a0\u00bbrow\u00a0\u00bb type=\u00a0\u00bbfull_width\u00a0\u00bb text_align=\u00a0\u00bbleft\u00a0\u00bb css_animation=\u00a0\u00bb\u00a0\u00bb][vc_column_inner width=\u00a0\u00bb1\/2&Prime;][vc_column_text]<\/p>\n<h6>Si vous avez d\u00e9cid\u00e9 de vous implanter sur un nouveau territoire mais que vous ne savez pas comment proc\u00e9der, nous vous conseillerons tout au long du processus:<\/h6>\n<p>[\/vc_column_text][vc_empty_space height=\u00a0\u00bb21px\u00a0\u00bb]<div class='q_list circle'><\/p>\n<div class=\"q_icon_list\">\n<ul>\n<li>B\u00fasqueda de socios locales e identificaci\u00f3n de sinergias.<\/li>\n<li>Posterior negociaci\u00f3n y firma de contrato.<\/li>\n<li>Hasta su implantaci\u00f3n.<\/li>\n<\/ul>\n<\/div>\n<p><\/div>[vc_empty_space height=\u00a0\u00bb20px\u00a0\u00bb]<a  itemprop=\"url\" href=\"https:\/\/exportago.com\/fr\/les-services#joint\" target=\"_self\"  class=\"qbutton  default\" style=\"\">Plus d'informations<\/a>[\/vc_column_inner][vc_column_inner width=\u00a0\u00bb1\/2&Prime;][vc_single_image image=\u00a0\u00bb455&Prime; img_size=\u00a0\u00bbfull\u00a0\u00bb qode_css_animation=\u00a0\u00bb\u00a0\u00bb][vc_empty_space height=\u00a0\u00bb20px\u00a0\u00bb][\/vc_column_inner][\/vc_row_inner]<\/div><\/div>[\/vc_column][\/vc_row][vc_row css_animation=\u00a0\u00bb\u00a0\u00bb row_type=\u00a0\u00bbrow\u00a0\u00bb use_row_as_full_screen_section=\u00a0\u00bbno\u00a0\u00bb type=\u00a0\u00bbgrid\u00a0\u00bb angled_section=\u00a0\u00bbno\u00a0\u00bb text_align=\u00a0\u00bbcenter\u00a0\u00bb background_image_as_pattern=\u00a0\u00bbwithout_pattern\u00a0\u00bb padding_top=\u00a0\u00bb126&Prime; padding_bottom=\u00a0\u00bb98&Prime; z_index=\u00a0\u00bb\u00a0\u00bb css=\u00a0\u00bb.vc_custom_1565545933308{background-position: center !important;background-repeat: no-repeat !important;background-size: cover !important;}\u00a0\u00bb][vc_column][vc_column_text]<\/p>\n<h2>Si votre entreprise n&rsquo;a pas de plan d&rsquo;internationalisation<\/h2>\n<p>[\/vc_column_text][vc_empty_space height=\u00a0\u00bb13px\u00a0\u00bb][vc_column_text]<\/p>\n<h5>Nous vous aidons \u00e0 l\u2019\u00e9laborer en tenant compte de tous les aspects n\u00e9cessaires.<\/h5>\n<p>[\/vc_column_text][vc_empty_space height=\u00a0\u00bb49px\u00a0\u00bb]<a  itemprop=\"url\" href=\"https:\/\/exportago.com\/fr\/les-services#internacional\" target=\"_self\" data-hover-background-color='#89969d' data-hover-border-color='#485463'  class=\"qbutton  default\" style=\"border-color: #89969d; margin: 0 5px 30px 0; background-color: #485463;\">Plus d'informations<\/a><a  itemprop=\"url\" href=\"https:\/\/exportago.com\/fr\/contactar\/\" target=\"_self\"  class=\"qbutton  default\" style=\"margin: 0 0 30px 5px; \">Contactez-nous<\/a>[\/vc_column][\/vc_row]<\/p>\n<\/section>","protected":false},"excerpt":{"rendered":"<p>[vc_row css_animation=\u00a0\u00bb\u00a0\u00bb row_type=\u00a0\u00bbrow\u00a0\u00bb use_row_as_full_screen_section=\u00a0\u00bbno\u00a0\u00bb type=\u00a0\u00bbgrid\u00a0\u00bb angled_section=\u00a0\u00bbno\u00a0\u00bb text_align=\u00a0\u00bbleft\u00a0\u00bb background_image_as_pattern=\u00a0\u00bbwithout_pattern\u00a0\u00bb padding_bottom=\u00a0\u00bb50&Prime; z_index=\u00a0\u00bb\u00a0\u00bb css=\u00a0\u00bb.vc_custom_1565545261685{margin-bottom: 40px !important;padding-bottom: 50px !important;background-color: rgba(170,185,196,0.4) !important;*background-color: rgb(170,185,196) !important;}\u00a0\u00bb][vc_column][vc_empty_space][vc_column_text] Services en vedette [\/vc_column_text][vc_empty_space][\/vc_column][\/vc_row][vc_row css_animation=\u00a0\u00bb\u00a0\u00bb row_type=\u00a0\u00bbrow\u00a0\u00bb use_row_as_full_screen_section=\u00a0\u00bbno\u00a0\u00bb type=\u00a0\u00bbgrid\u00a0\u00bb angled_section=\u00a0\u00bbno\u00a0\u00bb text_align=\u00a0\u00bbcenter\u00a0\u00bb background_image_as_pattern=\u00a0\u00bbwithout_pattern\u00a0\u00bb padding_top=\u00a0\u00bb126&Prime; padding_bottom=\u00a0\u00bb98&Prime; z_index=\u00a0\u00bb\u00a0\u00bb css=\u00a0\u00bb.vc_custom_1565545933308{background-position: center !important;background-repeat: no-repeat !important;background-size: cover !important;}\u00a0\u00bb][vc_column][vc_column_text] Si votre entreprise n&rsquo;a pas&#8230;<\/p>\n","protected":false},"author":1,"featured_media":0,"parent":0,"menu_order":0,"comment_status":"closed","ping_status":"closed","template":"full_width.php","meta":[],"_links":{"self":[{"href":"https:\/\/exportago.com\/fr\/wp-json\/wp\/v2\/pages\/631"}],"collection":[{"href":"https:\/\/exportago.com\/fr\/wp-json\/wp\/v2\/pages"}],"about":[{"href":"https:\/\/exportago.com\/fr\/wp-json\/wp\/v2\/types\/page"}],"author":[{"embeddable":true,"href":"https:\/\/exportago.com\/fr\/wp-json\/wp\/v2\/users\/1"}],"replies":[{"embeddable":true,"href":"https:\/\/exportago.com\/fr\/wp-json\/wp\/v2\/comments?post=631"}],"version-history":[{"count":5,"href":"https:\/\/exportago.com\/fr\/wp-json\/wp\/v2\/pages\/631\/revisions"}],"predecessor-version":[{"id":691,"href":"https:\/\/exportago.com\/fr\/wp-json\/wp\/v2\/pages\/631\/revisions\/691"}],"wp:attachment":[{"href":"https:\/\/exportago.com\/fr\/wp-json\/wp\/v2\/media?parent=631"}],"curies":[{"name":"wp","href":"https:\/\/api.w.org\/{rel}","templated":true}]}}